{"id":10893,"date":"2025-01-23T14:06:06","date_gmt":"2025-01-23T19:06:06","guid":{"rendered":"https:\/\/verandajardin.com\/jd-inventory\/"},"modified":"2026-04-16T10:39:49","modified_gmt":"2026-04-16T14:39:49","slug":"stock","status":"publish","type":"page","link":"https:\/\/verandajardin.com\/en\/stock\/","title":{"rendered":"ALL inventory"},"content":{"rendered":"\t\t<div data-elementor-type=\"wp-page\" data-elementor-id=\"10893\" class=\"elementor elementor-10893 elementor-10890\" data-elementor-post-type=\"page\">\n\t\t\t\t<div class=\"elementor-element elementor-element-eadf965 e-flex e-con-boxed e-con e-parent\" data-id=\"eadf965\" data-element_type=\"container\" data-e-type=\"container\">\n\t\t\t\t\t<div class=\"e-con-inner\">\n\t\t\t\t<div class=\"elementor-element elementor-element-21daaee elementor-widget elementor-widget-heading\" data-id=\"21daaee\" data-element_type=\"widget\" data-e-type=\"widget\" data-widget_type=\"heading.default\">\n\t\t\t\t<div class=\"elementor-widget-container\">\n\t\t\t\t\t<h2 class=\"elementor-heading-title elementor-size-default\">Retailer portal<\/h2>\t\t\t\t<\/div>\n\t\t\t\t<\/div>\n\t\t\t\t<div class=\"elementor-element elementor-element-7fde1e2 elementor-widget elementor-widget-shortcode\" data-id=\"7fde1e2\" data-element_type=\"widget\" data-e-type=\"widget\" data-widget_type=\"shortcode.default\">\n\t\t\t\t<div class=\"elementor-widget-container\">\n\t\t\t\t\t\t\t<div class=\"elementor-shortcode\">\n<div class=\"um um-login um-10961\">\n\t<div class=\"um-form\">\n\t\t<form method=\"post\" action=\"\" autocomplete=\"off\">\n\t\t\t<div class=\"um-row _um_row_1 \" style=\"margin: 0 0 30px 0;\"><div class=\"um-col-1\"><div  id=\"um_field_10961_username\" class=\"um-field um-field-text  um-field-username um-field-text um-field-type_text\" data-key=\"username\"><div class=\"um-field-label\"><label for=\"username-10961\">Username or E-mail<\/label><div class=\"um-clear\"><\/div><\/div><div class=\"um-field-area\"><input  autocomplete=\"off\" class=\"um-form-field valid \" type=\"text\" name=\"username-10961\" id=\"username-10961\" value=\"\" placeholder=\"\" data-validate=\"unique_username_or_email\" data-key=\"username\"  aria-invalid=\"false\" \/>\n\n\t\t\t\t\t\t<\/div><\/div><div  id=\"um_field_10961_user_password\" class=\"um-field um-field-password  um-field-user_password um-field-password um-field-type_password\" data-key=\"user_password\"><div class=\"um-field-label\"><label for=\"user_password-10961\">Password<\/label><div class=\"um-clear\"><\/div><\/div><div class=\"um-field-area\"><input class=\"um-form-field valid \" type=\"password\" name=\"user_password-10961\" id=\"user_password-10961\" value=\"\" placeholder=\"\" data-validate=\"\" data-key=\"user_password\"  aria-invalid=\"false\" \/>\n\n\t\t\t\t\t\t\t<\/div><\/div><\/div><\/div>\t<input type=\"hidden\" name=\"form_id\" id=\"form_id_10961\" value=\"10961\" \/>\n\t\t<p class=\"um_request_name\">\n\t\t<label for=\"um_request_10961\">Only fill in if you are not human<\/label>\n\t\t<input type=\"hidden\" name=\"um_request\" id=\"um_request_10961\" class=\"input\" value=\"\" size=\"25\" autocomplete=\"off\" \/>\n\t<\/p>\n\t<input type=\"hidden\" id=\"_wpnonce\" name=\"_wpnonce\" value=\"235429369b\" \/><input type=\"hidden\" name=\"_wp_http_referer\" value=\"\/en\/wp-json\/wp\/v2\/pages\/10893\" \/>\n\t<div class=\"um-col-alt\">\n\n\t\t\n\n\t\t\t<div class=\"um-field um-field-c\">\n\t\t\t\t<div class=\"um-field-area\">\n\t\t\t\t\t<label class=\"um-field-checkbox\">\n\t\t\t\t\t\t<input type=\"checkbox\" name=\"rememberme\" value=\"1\"  \/>\n\t\t\t\t\t\t<span class=\"um-field-checkbox-state\"><i class=\"um-icon-android-checkbox-outline-blank\"><\/i><\/span>\n\t\t\t\t\t\t<span class=\"um-field-checkbox-option\"> Keep me signed in<\/span>\n\t\t\t\t\t<\/label>\n\t\t\t\t<\/div>\n\t\t\t<\/div>\n\n\t\t\t\t\t\t<div class=\"um-clear\"><\/div>\n\t\t\n\t\t\t<div class=\"um-center\">\n\t\t\t\t<input type=\"submit\" value=\"Login\" class=\"um-button\" id=\"um-submit-btn\" \/>\n\t\t\t<\/div>\n\n\t\t\n\t\t<div class=\"um-clear\"><\/div>\n\n\t<\/div>\n\n\t\n\t<div class=\"um-col-alt-b\">\n\t\t<a href=\"https:\/\/verandajardin.com\/en\/password-reset\/\" class=\"um-link-alt\">\n\t\t\tForgot your password?\t\t<\/a>\n\t<\/div>\n\n\t\t\t<\/form>\n\t<\/div>\n<\/div>\n<style>\n\t\t\t.um-10961.um {\n\t\t\tmax-width: 450px;\n\t\t}\n\t\t<\/style>\n<\/div>\n\t\t\t\t\t\t<\/div>\n\t\t\t\t<\/div>\n\t\t\t\t\t<\/div>\n\t\t\t\t<\/div>\n\t\t\t\t<\/div>\n\t\t","protected":false},"excerpt":{"rendered":"<p>Retailer portal Consult the transportation costs policy. Categories Catalogue Balan\u00e7oires Balan\u00e7elle Balan\u00e7oires ind\u00e9pendantes Balan\u00e7oires sur roues Gazebos Toit en vinyle Toit rigide Meubles de jardin Chaises et bancs oscillants Sectionnels Tables, chaises et parasols Chaises Parasol et base de parasol Table de vitre Table en aluminium Pi\u00e8ces et accessoires Tissus et toile Tissu de recouvrement [&hellip;]<\/p>\n","protected":false},"author":4,"featured_media":0,"parent":0,"menu_order":0,"comment_status":"closed","ping_status":"closed","template":"elementor_header_footer","meta":{"_acf_changed":false,"footnotes":""},"class_list":["post-10893","page","type-page","status-publish","hentry"],"acf":[],"yoast_head":"<!-- This site is optimized with the Yoast SEO plugin v27.3 - https:\/\/yoast.com\/product\/yoast-seo-wordpress\/ -->\n<title>ALL inventory - V\u00e9randa Jardin<\/title>\n<meta name=\"robots\" content=\"noindex, nofollow\" \/>\n<meta property=\"og:locale\" content=\"en_US\" \/>\n<meta property=\"og:type\" content=\"article\" \/>\n<meta property=\"og:title\" content=\"ALL inventory - V\u00e9randa Jardin\" \/>\n<meta property=\"og:description\" content=\"Retailer portal Consult the transportation costs policy. Categories Catalogue Balan\u00e7oires Balan\u00e7elle Balan\u00e7oires ind\u00e9pendantes Balan\u00e7oires sur roues Gazebos Toit en vinyle Toit rigide Meubles de jardin Chaises et bancs oscillants Sectionnels Tables, chaises et parasols Chaises Parasol et base de parasol Table de vitre Table en aluminium Pi\u00e8ces et accessoires Tissus et toile Tissu de recouvrement [&hellip;]\" \/>\n<meta property=\"og:url\" content=\"https:\/\/verandajardin.com\/stock\/\" \/>\n<meta property=\"og:site_name\" content=\"V\u00e9randa Jardin\" \/>\n<meta property=\"article:publisher\" content=\"https:\/\/www.facebook.com\/verandajardin\/\" \/>\n<meta property=\"article:modified_time\" content=\"2026-04-16T14:39:49+00:00\" \/>\n<meta property=\"og:image\" content=\"https:\/\/verandajardin.com\/wp-content\/uploads\/Veranda-Jardin-fabricant-quebecois-de-meubles-esterieurs-haut-de-gamme-3.jpg\" \/>\n\t<meta property=\"og:image:width\" content=\"1200\" \/>\n\t<meta property=\"og:image:height\" content=\"675\" \/>\n\t<meta property=\"og:image:type\" content=\"image\/jpeg\" \/>\n<meta name=\"twitter:card\" content=\"summary_large_image\" \/>\n<meta name=\"twitter:label1\" content=\"Est. reading time\" \/>\n\t<meta name=\"twitter:data1\" content=\"3 minutes\" \/>\n<script type=\"application\/ld+json\" class=\"yoast-schema-graph\">{\"@context\":\"https:\\\/\\\/schema.org\",\"@graph\":[{\"@type\":\"WebPage\",\"@id\":\"https:\\\/\\\/verandajardin.com\\\/stock\\\/\",\"url\":\"https:\\\/\\\/verandajardin.com\\\/stock\\\/\",\"name\":\"ALL inventory - V\u00e9randa Jardin\",\"isPartOf\":{\"@id\":\"https:\\\/\\\/verandajardin.com\\\/#website\"},\"datePublished\":\"2025-01-23T19:06:06+00:00\",\"dateModified\":\"2026-04-16T14:39:49+00:00\",\"breadcrumb\":{\"@id\":\"https:\\\/\\\/verandajardin.com\\\/stock\\\/#breadcrumb\"},\"inLanguage\":\"en-US\",\"potentialAction\":[{\"@type\":\"ReadAction\",\"target\":[\"https:\\\/\\\/verandajardin.com\\\/stock\\\/\"]}]},{\"@type\":\"BreadcrumbList\",\"@id\":\"https:\\\/\\\/verandajardin.com\\\/stock\\\/#breadcrumb\",\"itemListElement\":[{\"@type\":\"ListItem\",\"position\":1,\"name\":\"Accueil\",\"item\":\"https:\\\/\\\/verandajardin.com\\\/\"},{\"@type\":\"ListItem\",\"position\":2,\"name\":\"ALL inventory\"}]},{\"@type\":\"WebSite\",\"@id\":\"https:\\\/\\\/verandajardin.com\\\/#website\",\"url\":\"https:\\\/\\\/verandajardin.com\\\/\",\"name\":\"V\u00e9randa Jardin\",\"description\":\"La meilleure garantie de l&#039;industrie des balan\u00e7oires et meubles de jardin\",\"publisher\":{\"@id\":\"https:\\\/\\\/verandajardin.com\\\/#organization\"},\"potentialAction\":[{\"@type\":\"SearchAction\",\"target\":{\"@type\":\"EntryPoint\",\"urlTemplate\":\"https:\\\/\\\/verandajardin.com\\\/?s={search_term_string}\"},\"query-input\":{\"@type\":\"PropertyValueSpecification\",\"valueRequired\":true,\"valueName\":\"search_term_string\"}}],\"inLanguage\":\"en-US\"},{\"@type\":\"Organization\",\"@id\":\"https:\\\/\\\/verandajardin.com\\\/#organization\",\"name\":\"V\u00e9randa Jardin\",\"url\":\"https:\\\/\\\/verandajardin.com\\\/\",\"logo\":{\"@type\":\"ImageObject\",\"inLanguage\":\"en-US\",\"@id\":\"https:\\\/\\\/verandajardin.com\\\/#\\\/schema\\\/logo\\\/image\\\/\",\"url\":\"https:\\\/\\\/verandajardin.com\\\/wp-content\\\/uploads\\\/logo_veranda_noir.png\",\"contentUrl\":\"https:\\\/\\\/verandajardin.com\\\/wp-content\\\/uploads\\\/logo_veranda_noir.png\",\"width\":195,\"height\":81,\"caption\":\"V\u00e9randa Jardin\"},\"image\":{\"@id\":\"https:\\\/\\\/verandajardin.com\\\/#\\\/schema\\\/logo\\\/image\\\/\"},\"sameAs\":[\"https:\\\/\\\/www.facebook.com\\\/verandajardin\\\/\"]}]}<\/script>\n<!-- \/ Yoast SEO plugin. -->","yoast_head_json":{"title":"ALL inventory - V\u00e9randa Jardin","robots":{"index":"noindex","follow":"nofollow"},"og_locale":"en_US","og_type":"article","og_title":"ALL inventory - V\u00e9randa Jardin","og_description":"Retailer portal Consult the transportation costs policy. Categories Catalogue Balan\u00e7oires Balan\u00e7elle Balan\u00e7oires ind\u00e9pendantes Balan\u00e7oires sur roues Gazebos Toit en vinyle Toit rigide Meubles de jardin Chaises et bancs oscillants Sectionnels Tables, chaises et parasols Chaises Parasol et base de parasol Table de vitre Table en aluminium Pi\u00e8ces et accessoires Tissus et toile Tissu de recouvrement [&hellip;]","og_url":"https:\/\/verandajardin.com\/stock\/","og_site_name":"V\u00e9randa Jardin","article_publisher":"https:\/\/www.facebook.com\/verandajardin\/","article_modified_time":"2026-04-16T14:39:49+00:00","og_image":[{"width":1200,"height":675,"url":"https:\/\/verandajardin.com\/wp-content\/uploads\/Veranda-Jardin-fabricant-quebecois-de-meubles-esterieurs-haut-de-gamme-3.jpg","type":"image\/jpeg"}],"twitter_card":"summary_large_image","twitter_misc":{"Est. reading time":"3 minutes"},"schema":{"@context":"https:\/\/schema.org","@graph":[{"@type":"WebPage","@id":"https:\/\/verandajardin.com\/stock\/","url":"https:\/\/verandajardin.com\/stock\/","name":"ALL inventory - V\u00e9randa Jardin","isPartOf":{"@id":"https:\/\/verandajardin.com\/#website"},"datePublished":"2025-01-23T19:06:06+00:00","dateModified":"2026-04-16T14:39:49+00:00","breadcrumb":{"@id":"https:\/\/verandajardin.com\/stock\/#breadcrumb"},"inLanguage":"en-US","potentialAction":[{"@type":"ReadAction","target":["https:\/\/verandajardin.com\/stock\/"]}]},{"@type":"BreadcrumbList","@id":"https:\/\/verandajardin.com\/stock\/#breadcrumb","itemListElement":[{"@type":"ListItem","position":1,"name":"Accueil","item":"https:\/\/verandajardin.com\/"},{"@type":"ListItem","position":2,"name":"ALL inventory"}]},{"@type":"WebSite","@id":"https:\/\/verandajardin.com\/#website","url":"https:\/\/verandajardin.com\/","name":"V\u00e9randa Jardin","description":"La meilleure garantie de l&#039;industrie des balan\u00e7oires et meubles de jardin","publisher":{"@id":"https:\/\/verandajardin.com\/#organization"},"potentialAction":[{"@type":"SearchAction","target":{"@type":"EntryPoint","urlTemplate":"https:\/\/verandajardin.com\/?s={search_term_string}"},"query-input":{"@type":"PropertyValueSpecification","valueRequired":true,"valueName":"search_term_string"}}],"inLanguage":"en-US"},{"@type":"Organization","@id":"https:\/\/verandajardin.com\/#organization","name":"V\u00e9randa Jardin","url":"https:\/\/verandajardin.com\/","logo":{"@type":"ImageObject","inLanguage":"en-US","@id":"https:\/\/verandajardin.com\/#\/schema\/logo\/image\/","url":"https:\/\/verandajardin.com\/wp-content\/uploads\/logo_veranda_noir.png","contentUrl":"https:\/\/verandajardin.com\/wp-content\/uploads\/logo_veranda_noir.png","width":195,"height":81,"caption":"V\u00e9randa Jardin"},"image":{"@id":"https:\/\/verandajardin.com\/#\/schema\/logo\/image\/"},"sameAs":["https:\/\/www.facebook.com\/verandajardin\/"]}]}},"_links":{"self":[{"href":"https:\/\/verandajardin.com\/en\/wp-json\/wp\/v2\/pages\/10893","targetHints":{"allow":["GET"]}}],"collection":[{"href":"https:\/\/verandajardin.com\/en\/wp-json\/wp\/v2\/pages"}],"about":[{"href":"https:\/\/verandajardin.com\/en\/wp-json\/wp\/v2\/types\/page"}],"author":[{"embeddable":true,"href":"https:\/\/verandajardin.com\/en\/wp-json\/wp\/v2\/users\/4"}],"replies":[{"embeddable":true,"href":"https:\/\/verandajardin.com\/en\/wp-json\/wp\/v2\/comments?post=10893"}],"version-history":[{"count":82,"href":"https:\/\/verandajardin.com\/en\/wp-json\/wp\/v2\/pages\/10893\/revisions"}],"predecessor-version":[{"id":15804,"href":"https:\/\/verandajardin.com\/en\/wp-json\/wp\/v2\/pages\/10893\/revisions\/15804"}],"wp:attachment":[{"href":"https:\/\/verandajardin.com\/en\/wp-json\/wp\/v2\/media?parent=10893"}],"curies":[{"name":"wp","href":"https:\/\/api.w.org\/{rel}","templated":true}]}}