{"id":5067,"date":"2023-02-20T10:41:01","date_gmt":"2023-02-20T15:41:01","guid":{"rendered":"https:\/\/verandajardin.serveur-idhea.ca\/my-account\/"},"modified":"2026-04-15T14:07:13","modified_gmt":"2026-04-15T18:07:13","slug":"my-account","status":"publish","type":"page","link":"https:\/\/verandajardin.com\/en\/my-account\/","title":{"rendered":"My account"},"content":{"rendered":"\t\t<div data-elementor-type=\"wp-page\" data-elementor-id=\"5067\" class=\"elementor elementor-5067 elementor-589\" data-elementor-post-type=\"page\">\n\t\t\t\t<div class=\"elementor-element elementor-element-c31d787 e-con-full e-flex e-con e-parent\" data-id=\"c31d787\" data-element_type=\"container\" data-e-type=\"container\">\n\t\t\t\t<div class=\"elementor-element elementor-element-586e815 elementor-widget elementor-widget-template\" data-id=\"586e815\" data-element_type=\"widget\" data-e-type=\"widget\" data-widget_type=\"template.default\">\n\t\t\t\t<div class=\"elementor-widget-container\">\n\t\t\t\t\t\t\t<div class=\"elementor-template\">\n\t\t\t\t\t<div data-elementor-type=\"section\" data-elementor-id=\"5115\" class=\"elementor elementor-5115 elementor-4218 elementor-4218\" data-elementor-post-type=\"elementor_library\">\n\t\t\t<div class=\"elementor-element elementor-element-0a54940 animated-slow e-flex e-con-boxed elementor-invisible e-con e-parent\" data-id=\"0a54940\" data-element_type=\"container\" data-e-type=\"container\" data-settings=\"{&quot;background_background&quot;:&quot;slideshow&quot;,&quot;background_slideshow_gallery&quot;:[{&quot;id&quot;:596,&quot;url&quot;:&quot;https:\\\/\\\/verandajardin.com\\\/wp-content\\\/uploads\\\/fond_video.png&quot;},{&quot;id&quot;:415,&quot;url&quot;:&quot;https:\\\/\\\/verandajardin.com\\\/wp-content\\\/uploads\\\/header_image2.png&quot;},{&quot;id&quot;:2755,&quot;url&quot;:&quot;https:\\\/\\\/verandajardin.com\\\/wp-content\\\/uploads\\\/gazebo_slider_section_titre.jpg&quot;},{&quot;id&quot;:416,&quot;url&quot;:&quot;https:\\\/\\\/verandajardin.com\\\/wp-content\\\/uploads\\\/header_image3.png&quot;}],&quot;background_slideshow_slide_duration&quot;:8000,&quot;background_slideshow_transition_duration&quot;:2000,&quot;shape_divider_bottom&quot;:&quot;curve&quot;,&quot;background_slideshow_ken_burns&quot;:&quot;yes&quot;,&quot;animation&quot;:&quot;fadeIn&quot;,&quot;background_slideshow_loop&quot;:&quot;yes&quot;,&quot;background_slideshow_slide_transition&quot;:&quot;fade&quot;,&quot;background_slideshow_ken_burns_zoom_direction&quot;:&quot;in&quot;}\">\n\t\t\t\t\t<div class=\"e-con-inner\">\n\t\t\t\t<div class=\"elementor-shape elementor-shape-bottom\" aria-hidden=\"true\" data-negative=\"false\">\n\t\t\t<svg xmlns=\"http:\/\/www.w3.org\/2000\/svg\" viewBox=\"0 0 1000 100\" preserveAspectRatio=\"none\">\n    <path class=\"elementor-shape-fill\" d=\"M1000,4.3V0H0v4.3C0.9,23.1,126.7,99.2,500,100S1000,22.7,1000,4.3z\"\/>\n<\/svg>\t\t<\/div>\n\t\t\t\t\t<\/div>\n\t\t\t\t<\/div>\n\t\t\t\t<\/div>\n\t\t\t\t<\/div>\n\t\t\t\t\t\t<\/div>\n\t\t\t\t<\/div>\n\t\t\t\t<\/div>\n\t\t<div class=\"elementor-element elementor-element-be2f74b e-flex e-con-boxed e-con e-parent\" data-id=\"be2f74b\" data-element_type=\"container\" data-e-type=\"container\">\n\t\t\t\t\t<div class=\"e-con-inner\">\n\t\t\t\t<div class=\"elementor-element elementor-element-1b5c5f3 elementor-widget elementor-widget-heading\" data-id=\"1b5c5f3\" data-element_type=\"widget\" data-e-type=\"widget\" data-widget_type=\"heading.default\">\n\t\t\t\t<div class=\"elementor-widget-container\">\n\t\t\t\t\t<h2 class=\"elementor-heading-title elementor-size-default\">My account<\/h2>\t\t\t\t<\/div>\n\t\t\t\t<\/div>\n\t\t\t\t<div class=\"elementor-element elementor-element-eb78eb5 e-my-account-tabs-vertical elementor-widget elementor-widget-woocommerce-my-account\" data-id=\"eb78eb5\" data-element_type=\"widget\" data-e-type=\"widget\" data-widget_type=\"woocommerce-my-account.default\">\n\t\t\t\t<div class=\"elementor-widget-container\">\n\t\t\t\t\t<div class=\"e-my-account-tab e-my-account-tab__ \">\t\t\t<div class=\"woocommerce\"><\/div>\t\t<\/div>\n\t\t\t\t\t\t<\/div>\n\t\t\t\t<\/div>\n\t\t\t\t\t<\/div>\n\t\t\t\t<\/div>\n\t\t\t\t<\/div>\n\t\t","protected":false},"excerpt":{"rendered":"<p>Transportation costs policy. Dashboard Controls Downloads Addresses Moyens de paiement Account details Log off Bonjour Idhea Marketing (vous n\u2019\u00eates pas Idhea Marketing\u00a0? D\u00e9connexion) \u00c0 partir du tableau de bord de votre compte, vous pouvez visualiser vos commandes r\u00e9centes, g\u00e9rer vos adresses de livraison et de facturation ainsi que changer votre mot de passe et les [&hellip;]<\/p>\n","protected":false},"author":4,"featured_media":0,"parent":0,"menu_order":0,"comment_status":"closed","ping_status":"closed","template":"elementor_header_footer","meta":{"_acf_changed":false,"footnotes":""},"class_list":["post-5067","page","type-page","status-publish","hentry"],"acf":[],"yoast_head":"<!-- This site is optimized with the Yoast SEO plugin v27.3 - https:\/\/yoast.com\/product\/yoast-seo-wordpress\/ -->\n<title>My account - V\u00e9randa Jardin<\/title>\n<meta name=\"robots\" content=\"index, follow, max-snippet:-1, max-image-preview:large, max-video-preview:-1\" \/>\n<link rel=\"canonical\" href=\"https:\/\/verandajardin.com\/mon-compte\/\" \/>\n<meta property=\"og:locale\" content=\"en_US\" \/>\n<meta property=\"og:type\" content=\"article\" \/>\n<meta property=\"og:title\" content=\"My account - V\u00e9randa Jardin\" \/>\n<meta property=\"og:description\" content=\"Transportation costs policy. Dashboard Controls Downloads Addresses Moyens de paiement Account details Log off Bonjour Idhea Marketing (vous n\u2019\u00eates pas Idhea Marketing\u00a0? D\u00e9connexion) \u00c0 partir du tableau de bord de votre compte, vous pouvez visualiser vos commandes r\u00e9centes, g\u00e9rer vos adresses de livraison et de facturation ainsi que changer votre mot de passe et les [&hellip;]\" \/>\n<meta property=\"og:url\" content=\"https:\/\/verandajardin.com\/mon-compte\/\" \/>\n<meta property=\"og:site_name\" content=\"V\u00e9randa Jardin\" \/>\n<meta property=\"article:publisher\" content=\"https:\/\/www.facebook.com\/verandajardin\/\" \/>\n<meta property=\"article:modified_time\" content=\"2026-04-15T18:07:13+00:00\" \/>\n<meta property=\"og:image\" content=\"https:\/\/verandajardin.com\/wp-content\/uploads\/Veranda-Jardin-fabricant-quebecois-de-meubles-esterieurs-haut-de-gamme-3.jpg\" \/>\n\t<meta property=\"og:image:width\" content=\"1200\" \/>\n\t<meta property=\"og:image:height\" content=\"675\" \/>\n\t<meta property=\"og:image:type\" content=\"image\/jpeg\" \/>\n<meta name=\"twitter:card\" content=\"summary_large_image\" \/>\n<meta name=\"twitter:label1\" content=\"Est. reading time\" \/>\n\t<meta name=\"twitter:data1\" content=\"3 minutes\" \/>\n<script type=\"application\/ld+json\" class=\"yoast-schema-graph\">{\"@context\":\"https:\\\/\\\/schema.org\",\"@graph\":[{\"@type\":\"WebPage\",\"@id\":\"https:\\\/\\\/verandajardin.com\\\/mon-compte\\\/\",\"url\":\"https:\\\/\\\/verandajardin.com\\\/mon-compte\\\/\",\"name\":\"My account - V\u00e9randa Jardin\",\"isPartOf\":{\"@id\":\"https:\\\/\\\/verandajardin.com\\\/#website\"},\"datePublished\":\"2023-02-20T15:41:01+00:00\",\"dateModified\":\"2026-04-15T18:07:13+00:00\",\"breadcrumb\":{\"@id\":\"https:\\\/\\\/verandajardin.com\\\/mon-compte\\\/#breadcrumb\"},\"inLanguage\":\"en-US\",\"potentialAction\":[{\"@type\":\"ReadAction\",\"target\":[\"https:\\\/\\\/verandajardin.com\\\/mon-compte\\\/\"]}]},{\"@type\":\"BreadcrumbList\",\"@id\":\"https:\\\/\\\/verandajardin.com\\\/mon-compte\\\/#breadcrumb\",\"itemListElement\":[{\"@type\":\"ListItem\",\"position\":1,\"name\":\"Accueil\",\"item\":\"https:\\\/\\\/verandajardin.com\\\/\"},{\"@type\":\"ListItem\",\"position\":2,\"name\":\"My account\"}]},{\"@type\":\"WebSite\",\"@id\":\"https:\\\/\\\/verandajardin.com\\\/#website\",\"url\":\"https:\\\/\\\/verandajardin.com\\\/\",\"name\":\"V\u00e9randa Jardin\",\"description\":\"La meilleure garantie de l&#039;industrie des balan\u00e7oires et meubles de jardin\",\"publisher\":{\"@id\":\"https:\\\/\\\/verandajardin.com\\\/#organization\"},\"potentialAction\":[{\"@type\":\"SearchAction\",\"target\":{\"@type\":\"EntryPoint\",\"urlTemplate\":\"https:\\\/\\\/verandajardin.com\\\/?s={search_term_string}\"},\"query-input\":{\"@type\":\"PropertyValueSpecification\",\"valueRequired\":true,\"valueName\":\"search_term_string\"}}],\"inLanguage\":\"en-US\"},{\"@type\":\"Organization\",\"@id\":\"https:\\\/\\\/verandajardin.com\\\/#organization\",\"name\":\"V\u00e9randa Jardin\",\"url\":\"https:\\\/\\\/verandajardin.com\\\/\",\"logo\":{\"@type\":\"ImageObject\",\"inLanguage\":\"en-US\",\"@id\":\"https:\\\/\\\/verandajardin.com\\\/#\\\/schema\\\/logo\\\/image\\\/\",\"url\":\"https:\\\/\\\/verandajardin.com\\\/wp-content\\\/uploads\\\/logo_veranda_noir.png\",\"contentUrl\":\"https:\\\/\\\/verandajardin.com\\\/wp-content\\\/uploads\\\/logo_veranda_noir.png\",\"width\":195,\"height\":81,\"caption\":\"V\u00e9randa Jardin\"},\"image\":{\"@id\":\"https:\\\/\\\/verandajardin.com\\\/#\\\/schema\\\/logo\\\/image\\\/\"},\"sameAs\":[\"https:\\\/\\\/www.facebook.com\\\/verandajardin\\\/\"]}]}<\/script>\n<!-- \/ Yoast SEO plugin. -->","yoast_head_json":{"title":"My account - V\u00e9randa Jardin","robots":{"index":"index","follow":"follow","max-snippet":"max-snippet:-1","max-image-preview":"max-image-preview:large","max-video-preview":"max-video-preview:-1"},"canonical":"https:\/\/verandajardin.com\/mon-compte\/","og_locale":"en_US","og_type":"article","og_title":"My account - V\u00e9randa Jardin","og_description":"Transportation costs policy. Dashboard Controls Downloads Addresses Moyens de paiement Account details Log off Bonjour Idhea Marketing (vous n\u2019\u00eates pas Idhea Marketing\u00a0? D\u00e9connexion) \u00c0 partir du tableau de bord de votre compte, vous pouvez visualiser vos commandes r\u00e9centes, g\u00e9rer vos adresses de livraison et de facturation ainsi que changer votre mot de passe et les [&hellip;]","og_url":"https:\/\/verandajardin.com\/mon-compte\/","og_site_name":"V\u00e9randa Jardin","article_publisher":"https:\/\/www.facebook.com\/verandajardin\/","article_modified_time":"2026-04-15T18:07:13+00:00","og_image":[{"width":1200,"height":675,"url":"https:\/\/verandajardin.com\/wp-content\/uploads\/Veranda-Jardin-fabricant-quebecois-de-meubles-esterieurs-haut-de-gamme-3.jpg","type":"image\/jpeg"}],"twitter_card":"summary_large_image","twitter_misc":{"Est. reading time":"3 minutes"},"schema":{"@context":"https:\/\/schema.org","@graph":[{"@type":"WebPage","@id":"https:\/\/verandajardin.com\/mon-compte\/","url":"https:\/\/verandajardin.com\/mon-compte\/","name":"My account - V\u00e9randa Jardin","isPartOf":{"@id":"https:\/\/verandajardin.com\/#website"},"datePublished":"2023-02-20T15:41:01+00:00","dateModified":"2026-04-15T18:07:13+00:00","breadcrumb":{"@id":"https:\/\/verandajardin.com\/mon-compte\/#breadcrumb"},"inLanguage":"en-US","potentialAction":[{"@type":"ReadAction","target":["https:\/\/verandajardin.com\/mon-compte\/"]}]},{"@type":"BreadcrumbList","@id":"https:\/\/verandajardin.com\/mon-compte\/#breadcrumb","itemListElement":[{"@type":"ListItem","position":1,"name":"Accueil","item":"https:\/\/verandajardin.com\/"},{"@type":"ListItem","position":2,"name":"My account"}]},{"@type":"WebSite","@id":"https:\/\/verandajardin.com\/#website","url":"https:\/\/verandajardin.com\/","name":"V\u00e9randa Jardin","description":"La meilleure garantie de l&#039;industrie des balan\u00e7oires et meubles de jardin","publisher":{"@id":"https:\/\/verandajardin.com\/#organization"},"potentialAction":[{"@type":"SearchAction","target":{"@type":"EntryPoint","urlTemplate":"https:\/\/verandajardin.com\/?s={search_term_string}"},"query-input":{"@type":"PropertyValueSpecification","valueRequired":true,"valueName":"search_term_string"}}],"inLanguage":"en-US"},{"@type":"Organization","@id":"https:\/\/verandajardin.com\/#organization","name":"V\u00e9randa Jardin","url":"https:\/\/verandajardin.com\/","logo":{"@type":"ImageObject","inLanguage":"en-US","@id":"https:\/\/verandajardin.com\/#\/schema\/logo\/image\/","url":"https:\/\/verandajardin.com\/wp-content\/uploads\/logo_veranda_noir.png","contentUrl":"https:\/\/verandajardin.com\/wp-content\/uploads\/logo_veranda_noir.png","width":195,"height":81,"caption":"V\u00e9randa Jardin"},"image":{"@id":"https:\/\/verandajardin.com\/#\/schema\/logo\/image\/"},"sameAs":["https:\/\/www.facebook.com\/verandajardin\/"]}]}},"_links":{"self":[{"href":"https:\/\/verandajardin.com\/en\/wp-json\/wp\/v2\/pages\/5067","targetHints":{"allow":["GET"]}}],"collection":[{"href":"https:\/\/verandajardin.com\/en\/wp-json\/wp\/v2\/pages"}],"about":[{"href":"https:\/\/verandajardin.com\/en\/wp-json\/wp\/v2\/types\/page"}],"author":[{"embeddable":true,"href":"https:\/\/verandajardin.com\/en\/wp-json\/wp\/v2\/users\/4"}],"replies":[{"embeddable":true,"href":"https:\/\/verandajardin.com\/en\/wp-json\/wp\/v2\/comments?post=5067"}],"version-history":[{"count":21,"href":"https:\/\/verandajardin.com\/en\/wp-json\/wp\/v2\/pages\/5067\/revisions"}],"predecessor-version":[{"id":15765,"href":"https:\/\/verandajardin.com\/en\/wp-json\/wp\/v2\/pages\/5067\/revisions\/15765"}],"wp:attachment":[{"href":"https:\/\/verandajardin.com\/en\/wp-json\/wp\/v2\/media?parent=5067"}],"curies":[{"name":"wp","href":"https:\/\/api.w.org\/{rel}","templated":true}]}}