{"id":5209,"date":"2023-03-07T16:20:31","date_gmt":"2023-03-07T21:20:31","guid":{"rendered":"https:\/\/verandajardin.serveur-idhea.ca\/produit\/uncategorized\/winter-shelter-with-roof-supports-4-seater-swing\/"},"modified":"2026-04-10T09:37:41","modified_gmt":"2026-04-10T13:37:41","slug":"winter-shelter-with-supports-for-the-roof-glider-4-places","status":"publish","type":"product","link":"https:\/\/verandajardin.com\/en\/product\/winter-shelter-with-supports-for-the-roof-glider-4-places\/","title":{"rendered":"Winter shelter with roof supports, 4-seater glider"},"content":{"rendered":"","protected":false},"excerpt":{"rendered":"","protected":false},"featured_media":3944,"template":"","meta":{"_acf_changed":false},"product_brand":[],"product_cat":[324,241],"product_tag":[],"class_list":{"0":"post-5209","1":"product","2":"type-product","3":"status-publish","4":"has-post-thumbnail","6":"product_cat-miscellaneous","7":"product_cat-winter-shelter","9":"first","10":"instock","11":"taxable","12":"shipping-taxable","13":"purchasable","14":"product-type-simple"},"acf":[],"yoast_head":"<!-- This site is optimized with the Yoast SEO plugin v27.3 - https:\/\/yoast.com\/product\/yoast-seo-wordpress\/ -->\n<title>Winter shelter with roof supports, 4-seater glider par V\u00e9randa Jardin<\/title>\n<meta name=\"description\" content=\"V\u00e9randa Jardin est le fabricant de meubles ext\u00e9rieurs haut de gamme offrant certaines des plus longues garanties sur le march\u00e9.\" \/>\n<meta name=\"robots\" content=\"index, follow, max-snippet:-1, max-image-preview:large, max-video-preview:-1\" \/>\n<link rel=\"canonical\" href=\"https:\/\/verandajardin.com\/en\/product\/winter-shelter-with-supports-for-the-roof-glider-4-places\/\" \/>\n<meta property=\"og:locale\" content=\"en_US\" \/>\n<meta property=\"og:type\" content=\"article\" \/>\n<meta property=\"og:title\" content=\"Winter shelter with roof supports, 4-seater glider par V\u00e9randa Jardin\" \/>\n<meta property=\"og:description\" content=\"V\u00e9randa Jardin est le fabricant de meubles ext\u00e9rieurs haut de gamme offrant certaines des plus longues garanties sur le march\u00e9.\" \/>\n<meta property=\"og:url\" content=\"https:\/\/verandajardin.com\/en\/product\/winter-shelter-with-supports-for-the-roof-glider-4-places\/\" \/>\n<meta property=\"og:site_name\" content=\"V\u00e9randa Jardin\" \/>\n<meta property=\"article:publisher\" content=\"https:\/\/www.facebook.com\/verandajardin\/\" \/>\n<meta property=\"article:modified_time\" content=\"2026-04-10T13:37:41+00:00\" \/>\n<meta property=\"og:image\" content=\"https:\/\/verandajardin.com\/wp-content\/uploads\/AH1701.jpg\" \/>\n\t<meta property=\"og:image:width\" content=\"1024\" \/>\n\t<meta property=\"og:image:height\" content=\"768\" \/>\n\t<meta property=\"og:image:type\" content=\"image\/jpeg\" \/>\n<meta name=\"twitter:card\" content=\"summary_large_image\" \/>\n<meta name=\"twitter:label1\" content=\"Est. reading time\" \/>\n\t<meta name=\"twitter:data1\" content=\"1 minute\" \/>\n<script type=\"application\/ld+json\" class=\"yoast-schema-graph\">{\"@context\":\"https:\\\/\\\/schema.org\",\"@graph\":[{\"@type\":\"WebPage\",\"@id\":\"https:\\\/\\\/verandajardin.com\\\/en\\\/product\\\/winter-shelter-with-supports-for-the-roof-glider-4-places\\\/\",\"url\":\"https:\\\/\\\/verandajardin.com\\\/en\\\/product\\\/winter-shelter-with-supports-for-the-roof-glider-4-places\\\/\",\"name\":\"Winter shelter with roof supports, 4-seater glider par V\u00e9randa Jardin\",\"isPartOf\":{\"@id\":\"https:\\\/\\\/verandajardin.com\\\/#website\"},\"primaryImageOfPage\":{\"@id\":\"https:\\\/\\\/verandajardin.com\\\/en\\\/product\\\/winter-shelter-with-supports-for-the-roof-glider-4-places\\\/#primaryimage\"},\"image\":{\"@id\":\"https:\\\/\\\/verandajardin.com\\\/en\\\/product\\\/winter-shelter-with-supports-for-the-roof-glider-4-places\\\/#primaryimage\"},\"thumbnailUrl\":\"https:\\\/\\\/verandajardin.com\\\/wp-content\\\/uploads\\\/AH1701.jpg\",\"datePublished\":\"2023-03-07T21:20:31+00:00\",\"dateModified\":\"2026-04-10T13:37:41+00:00\",\"description\":\"V\u00e9randa Jardin est le fabricant de meubles ext\u00e9rieurs haut de gamme offrant certaines des plus longues garanties sur le march\u00e9.\",\"breadcrumb\":{\"@id\":\"https:\\\/\\\/verandajardin.com\\\/en\\\/product\\\/winter-shelter-with-supports-for-the-roof-glider-4-places\\\/#breadcrumb\"},\"inLanguage\":\"en-US\",\"potentialAction\":[{\"@type\":\"ReadAction\",\"target\":[\"https:\\\/\\\/verandajardin.com\\\/en\\\/product\\\/winter-shelter-with-supports-for-the-roof-glider-4-places\\\/\"]}]},{\"@type\":\"ImageObject\",\"inLanguage\":\"en-US\",\"@id\":\"https:\\\/\\\/verandajardin.com\\\/en\\\/product\\\/winter-shelter-with-supports-for-the-roof-glider-4-places\\\/#primaryimage\",\"url\":\"https:\\\/\\\/verandajardin.com\\\/wp-content\\\/uploads\\\/AH1701.jpg\",\"contentUrl\":\"https:\\\/\\\/verandajardin.com\\\/wp-content\\\/uploads\\\/AH1701.jpg\",\"width\":1024,\"height\":768},{\"@type\":\"BreadcrumbList\",\"@id\":\"https:\\\/\\\/verandajardin.com\\\/en\\\/product\\\/winter-shelter-with-supports-for-the-roof-glider-4-places\\\/#breadcrumb\",\"itemListElement\":[{\"@type\":\"ListItem\",\"position\":1,\"name\":\"Accueil\",\"item\":\"https:\\\/\\\/verandajardin.com\\\/\"},{\"@type\":\"ListItem\",\"position\":2,\"name\":\"Parts store\",\"item\":\"https:\\\/\\\/verandajardin.com\\\/en\\\/parts-store\\\/\"},{\"@type\":\"ListItem\",\"position\":3,\"name\":\"Winter shelter with roof supports, 4-seater glider\"}]},{\"@type\":\"WebSite\",\"@id\":\"https:\\\/\\\/verandajardin.com\\\/#website\",\"url\":\"https:\\\/\\\/verandajardin.com\\\/\",\"name\":\"V\u00e9randa Jardin\",\"description\":\"La meilleure garantie de l&#039;industrie des balan\u00e7oires et meubles de jardin\",\"publisher\":{\"@id\":\"https:\\\/\\\/verandajardin.com\\\/#organization\"},\"potentialAction\":[{\"@type\":\"SearchAction\",\"target\":{\"@type\":\"EntryPoint\",\"urlTemplate\":\"https:\\\/\\\/verandajardin.com\\\/?s={search_term_string}\"},\"query-input\":{\"@type\":\"PropertyValueSpecification\",\"valueRequired\":true,\"valueName\":\"search_term_string\"}}],\"inLanguage\":\"en-US\"},{\"@type\":\"Organization\",\"@id\":\"https:\\\/\\\/verandajardin.com\\\/#organization\",\"name\":\"V\u00e9randa Jardin\",\"url\":\"https:\\\/\\\/verandajardin.com\\\/\",\"logo\":{\"@type\":\"ImageObject\",\"inLanguage\":\"en-US\",\"@id\":\"https:\\\/\\\/verandajardin.com\\\/#\\\/schema\\\/logo\\\/image\\\/\",\"url\":\"https:\\\/\\\/verandajardin.com\\\/wp-content\\\/uploads\\\/logo_veranda_noir.png\",\"contentUrl\":\"https:\\\/\\\/verandajardin.com\\\/wp-content\\\/uploads\\\/logo_veranda_noir.png\",\"width\":195,\"height\":81,\"caption\":\"V\u00e9randa Jardin\"},\"image\":{\"@id\":\"https:\\\/\\\/verandajardin.com\\\/#\\\/schema\\\/logo\\\/image\\\/\"},\"sameAs\":[\"https:\\\/\\\/www.facebook.com\\\/verandajardin\\\/\"]}]}<\/script>\n<!-- \/ Yoast SEO plugin. -->","yoast_head_json":{"title":"Winter shelter with roof supports, 4-seater glider par V\u00e9randa Jardin","description":"V\u00e9randa Jardin est le fabricant de meubles ext\u00e9rieurs haut de gamme offrant certaines des plus longues garanties sur le march\u00e9.","robots":{"index":"index","follow":"follow","max-snippet":"max-snippet:-1","max-image-preview":"max-image-preview:large","max-video-preview":"max-video-preview:-1"},"canonical":"https:\/\/verandajardin.com\/en\/product\/winter-shelter-with-supports-for-the-roof-glider-4-places\/","og_locale":"en_US","og_type":"article","og_title":"Winter shelter with roof supports, 4-seater glider par V\u00e9randa Jardin","og_description":"V\u00e9randa Jardin est le fabricant de meubles ext\u00e9rieurs haut de gamme offrant certaines des plus longues garanties sur le march\u00e9.","og_url":"https:\/\/verandajardin.com\/en\/product\/winter-shelter-with-supports-for-the-roof-glider-4-places\/","og_site_name":"V\u00e9randa Jardin","article_publisher":"https:\/\/www.facebook.com\/verandajardin\/","article_modified_time":"2026-04-10T13:37:41+00:00","og_image":[{"width":1024,"height":768,"url":"https:\/\/verandajardin.com\/wp-content\/uploads\/AH1701.jpg","type":"image\/jpeg"}],"twitter_card":"summary_large_image","twitter_misc":{"Est. reading time":"1 minute"},"schema":{"@context":"https:\/\/schema.org","@graph":[{"@type":"WebPage","@id":"https:\/\/verandajardin.com\/en\/product\/winter-shelter-with-supports-for-the-roof-glider-4-places\/","url":"https:\/\/verandajardin.com\/en\/product\/winter-shelter-with-supports-for-the-roof-glider-4-places\/","name":"Winter shelter with roof supports, 4-seater glider par V\u00e9randa Jardin","isPartOf":{"@id":"https:\/\/verandajardin.com\/#website"},"primaryImageOfPage":{"@id":"https:\/\/verandajardin.com\/en\/product\/winter-shelter-with-supports-for-the-roof-glider-4-places\/#primaryimage"},"image":{"@id":"https:\/\/verandajardin.com\/en\/product\/winter-shelter-with-supports-for-the-roof-glider-4-places\/#primaryimage"},"thumbnailUrl":"https:\/\/verandajardin.com\/wp-content\/uploads\/AH1701.jpg","datePublished":"2023-03-07T21:20:31+00:00","dateModified":"2026-04-10T13:37:41+00:00","description":"V\u00e9randa Jardin est le fabricant de meubles ext\u00e9rieurs haut de gamme offrant certaines des plus longues garanties sur le march\u00e9.","breadcrumb":{"@id":"https:\/\/verandajardin.com\/en\/product\/winter-shelter-with-supports-for-the-roof-glider-4-places\/#breadcrumb"},"inLanguage":"en-US","potentialAction":[{"@type":"ReadAction","target":["https:\/\/verandajardin.com\/en\/product\/winter-shelter-with-supports-for-the-roof-glider-4-places\/"]}]},{"@type":"ImageObject","inLanguage":"en-US","@id":"https:\/\/verandajardin.com\/en\/product\/winter-shelter-with-supports-for-the-roof-glider-4-places\/#primaryimage","url":"https:\/\/verandajardin.com\/wp-content\/uploads\/AH1701.jpg","contentUrl":"https:\/\/verandajardin.com\/wp-content\/uploads\/AH1701.jpg","width":1024,"height":768},{"@type":"BreadcrumbList","@id":"https:\/\/verandajardin.com\/en\/product\/winter-shelter-with-supports-for-the-roof-glider-4-places\/#breadcrumb","itemListElement":[{"@type":"ListItem","position":1,"name":"Accueil","item":"https:\/\/verandajardin.com\/"},{"@type":"ListItem","position":2,"name":"Parts store","item":"https:\/\/verandajardin.com\/en\/parts-store\/"},{"@type":"ListItem","position":3,"name":"Winter shelter with roof supports, 4-seater glider"}]},{"@type":"WebSite","@id":"https:\/\/verandajardin.com\/#website","url":"https:\/\/verandajardin.com\/","name":"V\u00e9randa Jardin","description":"La meilleure garantie de l&#039;industrie des balan\u00e7oires et meubles de jardin","publisher":{"@id":"https:\/\/verandajardin.com\/#organization"},"potentialAction":[{"@type":"SearchAction","target":{"@type":"EntryPoint","urlTemplate":"https:\/\/verandajardin.com\/?s={search_term_string}"},"query-input":{"@type":"PropertyValueSpecification","valueRequired":true,"valueName":"search_term_string"}}],"inLanguage":"en-US"},{"@type":"Organization","@id":"https:\/\/verandajardin.com\/#organization","name":"V\u00e9randa Jardin","url":"https:\/\/verandajardin.com\/","logo":{"@type":"ImageObject","inLanguage":"en-US","@id":"https:\/\/verandajardin.com\/#\/schema\/logo\/image\/","url":"https:\/\/verandajardin.com\/wp-content\/uploads\/logo_veranda_noir.png","contentUrl":"https:\/\/verandajardin.com\/wp-content\/uploads\/logo_veranda_noir.png","width":195,"height":81,"caption":"V\u00e9randa Jardin"},"image":{"@id":"https:\/\/verandajardin.com\/#\/schema\/logo\/image\/"},"sameAs":["https:\/\/www.facebook.com\/verandajardin\/"]}]}},"_links":{"self":[{"href":"https:\/\/verandajardin.com\/en\/wp-json\/wp\/v2\/product\/5209","targetHints":{"allow":["GET"]}}],"collection":[{"href":"https:\/\/verandajardin.com\/en\/wp-json\/wp\/v2\/product"}],"about":[{"href":"https:\/\/verandajardin.com\/en\/wp-json\/wp\/v2\/types\/product"}],"wp:featuredmedia":[{"embeddable":true,"href":"https:\/\/verandajardin.com\/en\/wp-json\/wp\/v2\/media\/3944"}],"wp:attachment":[{"href":"https:\/\/verandajardin.com\/en\/wp-json\/wp\/v2\/media?parent=5209"}],"wp:term":[{"taxonomy":"product_brand","embeddable":true,"href":"https:\/\/verandajardin.com\/en\/wp-json\/wp\/v2\/product_brand?post=5209"},{"taxonomy":"product_cat","embeddable":true,"href":"https:\/\/verandajardin.com\/en\/wp-json\/wp\/v2\/product_cat?post=5209"},{"taxonomy":"product_tag","embeddable":true,"href":"https:\/\/verandajardin.com\/en\/wp-json\/wp\/v2\/product_tag?post=5209"}],"curies":[{"name":"wp","href":"https:\/\/api.w.org\/{rel}","templated":true}]}}