{"id":5838,"date":"2023-04-05T15:14:13","date_gmt":"2023-04-05T19:14:13","guid":{"rendered":"https:\/\/verandajardin.serveur-idhea.ca\/produit\/uncategorized\/chaise-longue-mobel\/"},"modified":"2025-02-26T15:36:12","modified_gmt":"2025-02-26T20:36:12","slug":"mobel-chaise-longue","status":"publish","type":"product","link":"https:\/\/verandajardin.com\/en\/product\/mobel-chaise-longue\/","title":{"rendered":"M\u00f6bel lounge chair"},"content":{"rendered":"<p>*These images are computer drawings and are therefore indicative<\/p>\n<p>This sun lounger is perfect for enjoying sunny days. Its robust aluminum structure is designed to withstand the Quebec climate. It is therefore possible to leave it outside even in winter without risk of premature wear.<\/p>\n<p><strong>Specifications:<\/strong><\/p>\n<p>Weight: 24 LBS<\/p>\n<p>Width : 28 1\/2&#8221;<\/p>\n<p>Length: 77&#8221;<\/p>\n<p>Height : 31&#8221;<\/p>\n","protected":false},"excerpt":{"rendered":"<p>*These images are computer drawings and are therefore indicative This sun lounger is perfect for enjoying sunny days. Its robust aluminum structure is designed to withstand the Quebec climate. It is therefore possible to leave it outside even in winter without risk of premature wear. Specifications: Weight: 24 LBS Width : 28 1\/2&#8221; Length: 77&#8221; [&hellip;]<\/p>\n","protected":false},"featured_media":4075,"template":"","meta":{"_acf_changed":false},"product_brand":[],"product_cat":[268,320],"product_tag":[258,305],"class_list":{"0":"post-5838","1":"product","2":"type-product","3":"status-publish","4":"has-post-thumbnail","6":"product_cat-chairs","7":"product_cat-mobel-en","8":"product_tag-5-years","9":"product_tag-catalog","10":"product_shipping_class-distributors","12":"first","13":"instock","14":"taxable","15":"shipping-taxable","16":"purchasable","17":"product-type-variable"},"acf":[],"yoast_head":"<!-- This site is optimized with the Yoast SEO plugin v27.4 - https:\/\/yoast.com\/product\/yoast-seo-wordpress\/ -->\n<title>M\u00f6bel lounge chair par V\u00e9randa Jardin<\/title>\n<meta name=\"description\" content=\"V\u00e9randa Jardin est le fabricant de meubles ext\u00e9rieurs haut de gamme offrant certaines des plus longues garanties sur le march\u00e9.\" \/>\n<meta name=\"robots\" content=\"index, follow, max-snippet:-1, max-image-preview:large, max-video-preview:-1\" \/>\n<link rel=\"canonical\" href=\"https:\/\/verandajardin.com\/en\/product\/mobel-chaise-longue\/\" \/>\n<meta property=\"og:locale\" content=\"en_US\" \/>\n<meta property=\"og:type\" content=\"article\" \/>\n<meta property=\"og:title\" content=\"M\u00f6bel lounge chair par V\u00e9randa Jardin\" \/>\n<meta property=\"og:description\" content=\"V\u00e9randa Jardin est le fabricant de meubles ext\u00e9rieurs haut de gamme offrant certaines des plus longues garanties sur le march\u00e9.\" \/>\n<meta property=\"og:url\" content=\"https:\/\/verandajardin.com\/en\/product\/mobel-chaise-longue\/\" \/>\n<meta property=\"og:site_name\" content=\"V\u00e9randa Jardin\" \/>\n<meta property=\"article:publisher\" content=\"https:\/\/www.facebook.com\/verandajardin\/\" \/>\n<meta property=\"article:modified_time\" content=\"2025-02-26T20:36:12+00:00\" \/>\n<meta property=\"og:image\" content=\"https:\/\/verandajardin.com\/wp-content\/uploads\/1024x768_MB310L251-AT.jpg\" \/>\n\t<meta property=\"og:image:width\" content=\"1024\" \/>\n\t<meta property=\"og:image:height\" content=\"732\" \/>\n\t<meta property=\"og:image:type\" content=\"image\/jpeg\" \/>\n<meta name=\"twitter:card\" content=\"summary_large_image\" \/>\n<meta name=\"twitter:label1\" content=\"Est. reading time\" \/>\n\t<meta name=\"twitter:data1\" content=\"1 minute\" \/>\n<script type=\"application\/ld+json\" class=\"yoast-schema-graph\">{\"@context\":\"https:\\\/\\\/schema.org\",\"@graph\":[{\"@type\":\"WebPage\",\"@id\":\"https:\\\/\\\/verandajardin.com\\\/en\\\/product\\\/mobel-chaise-longue\\\/\",\"url\":\"https:\\\/\\\/verandajardin.com\\\/en\\\/product\\\/mobel-chaise-longue\\\/\",\"name\":\"M\u00f6bel lounge chair par V\u00e9randa Jardin\",\"isPartOf\":{\"@id\":\"https:\\\/\\\/verandajardin.com\\\/#website\"},\"primaryImageOfPage\":{\"@id\":\"https:\\\/\\\/verandajardin.com\\\/en\\\/product\\\/mobel-chaise-longue\\\/#primaryimage\"},\"image\":{\"@id\":\"https:\\\/\\\/verandajardin.com\\\/en\\\/product\\\/mobel-chaise-longue\\\/#primaryimage\"},\"thumbnailUrl\":\"https:\\\/\\\/verandajardin.com\\\/wp-content\\\/uploads\\\/1024x768_MB310L251-AT.jpg\",\"datePublished\":\"2023-04-05T19:14:13+00:00\",\"dateModified\":\"2025-02-26T20:36:12+00:00\",\"description\":\"V\u00e9randa Jardin est le fabricant de meubles ext\u00e9rieurs haut de gamme offrant certaines des plus longues garanties sur le march\u00e9.\",\"breadcrumb\":{\"@id\":\"https:\\\/\\\/verandajardin.com\\\/en\\\/product\\\/mobel-chaise-longue\\\/#breadcrumb\"},\"inLanguage\":\"en-US\",\"potentialAction\":[{\"@type\":\"ReadAction\",\"target\":[\"https:\\\/\\\/verandajardin.com\\\/en\\\/product\\\/mobel-chaise-longue\\\/\"]}]},{\"@type\":\"ImageObject\",\"inLanguage\":\"en-US\",\"@id\":\"https:\\\/\\\/verandajardin.com\\\/en\\\/product\\\/mobel-chaise-longue\\\/#primaryimage\",\"url\":\"https:\\\/\\\/verandajardin.com\\\/wp-content\\\/uploads\\\/1024x768_MB310L251-AT.jpg\",\"contentUrl\":\"https:\\\/\\\/verandajardin.com\\\/wp-content\\\/uploads\\\/1024x768_MB310L251-AT.jpg\",\"width\":1024,\"height\":732},{\"@type\":\"BreadcrumbList\",\"@id\":\"https:\\\/\\\/verandajardin.com\\\/en\\\/product\\\/mobel-chaise-longue\\\/#breadcrumb\",\"itemListElement\":[{\"@type\":\"ListItem\",\"position\":1,\"name\":\"Accueil\",\"item\":\"https:\\\/\\\/verandajardin.com\\\/\"},{\"@type\":\"ListItem\",\"position\":2,\"name\":\"Parts store\",\"item\":\"https:\\\/\\\/verandajardin.com\\\/en\\\/parts-store\\\/\"},{\"@type\":\"ListItem\",\"position\":3,\"name\":\"M\u00f6bel lounge chair\"}]},{\"@type\":\"WebSite\",\"@id\":\"https:\\\/\\\/verandajardin.com\\\/#website\",\"url\":\"https:\\\/\\\/verandajardin.com\\\/\",\"name\":\"V\u00e9randa Jardin\",\"description\":\"La meilleure garantie de l&#039;industrie des balan\u00e7oires et meubles de jardin\",\"publisher\":{\"@id\":\"https:\\\/\\\/verandajardin.com\\\/#organization\"},\"potentialAction\":[{\"@type\":\"SearchAction\",\"target\":{\"@type\":\"EntryPoint\",\"urlTemplate\":\"https:\\\/\\\/verandajardin.com\\\/?s={search_term_string}\"},\"query-input\":{\"@type\":\"PropertyValueSpecification\",\"valueRequired\":true,\"valueName\":\"search_term_string\"}}],\"inLanguage\":\"en-US\"},{\"@type\":\"Organization\",\"@id\":\"https:\\\/\\\/verandajardin.com\\\/#organization\",\"name\":\"V\u00e9randa Jardin\",\"url\":\"https:\\\/\\\/verandajardin.com\\\/\",\"logo\":{\"@type\":\"ImageObject\",\"inLanguage\":\"en-US\",\"@id\":\"https:\\\/\\\/verandajardin.com\\\/#\\\/schema\\\/logo\\\/image\\\/\",\"url\":\"https:\\\/\\\/verandajardin.com\\\/wp-content\\\/uploads\\\/logo_veranda_noir.png\",\"contentUrl\":\"https:\\\/\\\/verandajardin.com\\\/wp-content\\\/uploads\\\/logo_veranda_noir.png\",\"width\":195,\"height\":81,\"caption\":\"V\u00e9randa Jardin\"},\"image\":{\"@id\":\"https:\\\/\\\/verandajardin.com\\\/#\\\/schema\\\/logo\\\/image\\\/\"},\"sameAs\":[\"https:\\\/\\\/www.facebook.com\\\/verandajardin\\\/\"]}]}<\/script>\n<!-- \/ Yoast SEO plugin. -->","yoast_head_json":{"title":"M\u00f6bel lounge chair par V\u00e9randa Jardin","description":"V\u00e9randa Jardin est le fabricant de meubles ext\u00e9rieurs haut de gamme offrant certaines des plus longues garanties sur le march\u00e9.","robots":{"index":"index","follow":"follow","max-snippet":"max-snippet:-1","max-image-preview":"max-image-preview:large","max-video-preview":"max-video-preview:-1"},"canonical":"https:\/\/verandajardin.com\/en\/product\/mobel-chaise-longue\/","og_locale":"en_US","og_type":"article","og_title":"M\u00f6bel lounge chair par V\u00e9randa Jardin","og_description":"V\u00e9randa Jardin est le fabricant de meubles ext\u00e9rieurs haut de gamme offrant certaines des plus longues garanties sur le march\u00e9.","og_url":"https:\/\/verandajardin.com\/en\/product\/mobel-chaise-longue\/","og_site_name":"V\u00e9randa Jardin","article_publisher":"https:\/\/www.facebook.com\/verandajardin\/","article_modified_time":"2025-02-26T20:36:12+00:00","og_image":[{"width":1024,"height":732,"url":"https:\/\/verandajardin.com\/wp-content\/uploads\/1024x768_MB310L251-AT.jpg","type":"image\/jpeg"}],"twitter_card":"summary_large_image","twitter_misc":{"Est. reading time":"1 minute"},"schema":{"@context":"https:\/\/schema.org","@graph":[{"@type":"WebPage","@id":"https:\/\/verandajardin.com\/en\/product\/mobel-chaise-longue\/","url":"https:\/\/verandajardin.com\/en\/product\/mobel-chaise-longue\/","name":"M\u00f6bel lounge chair par V\u00e9randa Jardin","isPartOf":{"@id":"https:\/\/verandajardin.com\/#website"},"primaryImageOfPage":{"@id":"https:\/\/verandajardin.com\/en\/product\/mobel-chaise-longue\/#primaryimage"},"image":{"@id":"https:\/\/verandajardin.com\/en\/product\/mobel-chaise-longue\/#primaryimage"},"thumbnailUrl":"https:\/\/verandajardin.com\/wp-content\/uploads\/1024x768_MB310L251-AT.jpg","datePublished":"2023-04-05T19:14:13+00:00","dateModified":"2025-02-26T20:36:12+00:00","description":"V\u00e9randa Jardin est le fabricant de meubles ext\u00e9rieurs haut de gamme offrant certaines des plus longues garanties sur le march\u00e9.","breadcrumb":{"@id":"https:\/\/verandajardin.com\/en\/product\/mobel-chaise-longue\/#breadcrumb"},"inLanguage":"en-US","potentialAction":[{"@type":"ReadAction","target":["https:\/\/verandajardin.com\/en\/product\/mobel-chaise-longue\/"]}]},{"@type":"ImageObject","inLanguage":"en-US","@id":"https:\/\/verandajardin.com\/en\/product\/mobel-chaise-longue\/#primaryimage","url":"https:\/\/verandajardin.com\/wp-content\/uploads\/1024x768_MB310L251-AT.jpg","contentUrl":"https:\/\/verandajardin.com\/wp-content\/uploads\/1024x768_MB310L251-AT.jpg","width":1024,"height":732},{"@type":"BreadcrumbList","@id":"https:\/\/verandajardin.com\/en\/product\/mobel-chaise-longue\/#breadcrumb","itemListElement":[{"@type":"ListItem","position":1,"name":"Accueil","item":"https:\/\/verandajardin.com\/"},{"@type":"ListItem","position":2,"name":"Parts store","item":"https:\/\/verandajardin.com\/en\/parts-store\/"},{"@type":"ListItem","position":3,"name":"M\u00f6bel lounge chair"}]},{"@type":"WebSite","@id":"https:\/\/verandajardin.com\/#website","url":"https:\/\/verandajardin.com\/","name":"V\u00e9randa Jardin","description":"La meilleure garantie de l&#039;industrie des balan\u00e7oires et meubles de jardin","publisher":{"@id":"https:\/\/verandajardin.com\/#organization"},"potentialAction":[{"@type":"SearchAction","target":{"@type":"EntryPoint","urlTemplate":"https:\/\/verandajardin.com\/?s={search_term_string}"},"query-input":{"@type":"PropertyValueSpecification","valueRequired":true,"valueName":"search_term_string"}}],"inLanguage":"en-US"},{"@type":"Organization","@id":"https:\/\/verandajardin.com\/#organization","name":"V\u00e9randa Jardin","url":"https:\/\/verandajardin.com\/","logo":{"@type":"ImageObject","inLanguage":"en-US","@id":"https:\/\/verandajardin.com\/#\/schema\/logo\/image\/","url":"https:\/\/verandajardin.com\/wp-content\/uploads\/logo_veranda_noir.png","contentUrl":"https:\/\/verandajardin.com\/wp-content\/uploads\/logo_veranda_noir.png","width":195,"height":81,"caption":"V\u00e9randa Jardin"},"image":{"@id":"https:\/\/verandajardin.com\/#\/schema\/logo\/image\/"},"sameAs":["https:\/\/www.facebook.com\/verandajardin\/"]}]}},"_links":{"self":[{"href":"https:\/\/verandajardin.com\/en\/wp-json\/wp\/v2\/product\/5838","targetHints":{"allow":["GET"]}}],"collection":[{"href":"https:\/\/verandajardin.com\/en\/wp-json\/wp\/v2\/product"}],"about":[{"href":"https:\/\/verandajardin.com\/en\/wp-json\/wp\/v2\/types\/product"}],"wp:featuredmedia":[{"embeddable":true,"href":"https:\/\/verandajardin.com\/en\/wp-json\/wp\/v2\/media\/4075"}],"wp:attachment":[{"href":"https:\/\/verandajardin.com\/en\/wp-json\/wp\/v2\/media?parent=5838"}],"wp:term":[{"taxonomy":"product_brand","embeddable":true,"href":"https:\/\/verandajardin.com\/en\/wp-json\/wp\/v2\/product_brand?post=5838"},{"taxonomy":"product_cat","embeddable":true,"href":"https:\/\/verandajardin.com\/en\/wp-json\/wp\/v2\/product_cat?post=5838"},{"taxonomy":"product_tag","embeddable":true,"href":"https:\/\/verandajardin.com\/en\/wp-json\/wp\/v2\/product_tag?post=5838"}],"curies":[{"name":"wp","href":"https:\/\/api.w.org\/{rel}","templated":true}]}}