{"id":6113,"date":"2024-04-04T14:52:03","date_gmt":"2024-04-04T18:52:03","guid":{"rendered":"https:\/\/verandajardin.serveur-idhea.ca\/produit\/uncategorized\/glass-table-36x-36\/"},"modified":"2024-04-03T14:56:41","modified_gmt":"2024-04-03T18:56:41","slug":"glass-table-36x-36","status":"publish","type":"product","link":"https:\/\/verandajardin.com\/en\/product\/glass-table-36x-36\/","title":{"rendered":"Glass table 36in x 36in"},"content":{"rendered":"<p>This table with aluminum contours is equipped with a resistant tempered glass top. It will perfectly complement your Veranda garden set.<\/p>\n<p><strong>Specifications:  <\/strong><\/p>\n<p>Top: 36&#8221; x 36&#8221;<\/p>\n<p>Height: 27&#8221;<\/p>\n","protected":false},"excerpt":{"rendered":"<p>This table with aluminum contours is equipped with a resistant tempered glass top. It will perfectly complement your Veranda garden set. Specifications: Top: 36&#8221; x 36&#8221; Height: 27&#8221;<\/p>\n","protected":false},"featured_media":4023,"template":"","meta":{"_acf_changed":false},"product_brand":[],"product_cat":[272,260],"product_tag":[258,305],"class_list":{"0":"post-6113","1":"product","2":"type-product","3":"status-publish","4":"has-post-thumbnail","6":"product_cat-glass-table","7":"product_cat-tables-and-umbrellas","8":"product_tag-5-years","9":"product_tag-catalog","10":"product_shipping_class-distributors","12":"first","13":"instock","14":"taxable","15":"shipping-taxable","16":"purchasable","17":"product-type-variable"},"acf":[],"yoast_head":"<!-- This site is optimized with the Yoast SEO plugin v27.3 - https:\/\/yoast.com\/product\/yoast-seo-wordpress\/ -->\n<title>Glass table 36in x 36in par V\u00e9randa Jardin<\/title>\n<meta name=\"description\" content=\"V\u00e9randa Jardin est le fabricant de meubles ext\u00e9rieurs haut de gamme offrant certaines des plus longues garanties sur le march\u00e9.\" \/>\n<meta name=\"robots\" content=\"index, follow, max-snippet:-1, max-image-preview:large, max-video-preview:-1\" \/>\n<link rel=\"canonical\" href=\"https:\/\/verandajardin.com\/en\/product\/glass-table-36x-36\/\" \/>\n<meta property=\"og:locale\" content=\"en_US\" \/>\n<meta property=\"og:type\" content=\"article\" \/>\n<meta property=\"og:title\" content=\"Glass table 36in x 36in par V\u00e9randa Jardin\" \/>\n<meta property=\"og:description\" content=\"V\u00e9randa Jardin est le fabricant de meubles ext\u00e9rieurs haut de gamme offrant certaines des plus longues garanties sur le march\u00e9.\" \/>\n<meta property=\"og:url\" content=\"https:\/\/verandajardin.com\/en\/product\/glass-table-36x-36\/\" \/>\n<meta property=\"og:site_name\" content=\"V\u00e9randa Jardin\" \/>\n<meta property=\"article:publisher\" content=\"https:\/\/www.facebook.com\/verandajardin\/\" \/>\n<meta property=\"og:image\" content=\"https:\/\/verandajardin.com\/wp-content\/uploads\/1024x768_TCV3636-AA.jpg\" \/>\n\t<meta property=\"og:image:width\" content=\"1024\" \/>\n\t<meta property=\"og:image:height\" content=\"732\" \/>\n\t<meta property=\"og:image:type\" content=\"image\/jpeg\" \/>\n<meta name=\"twitter:card\" content=\"summary_large_image\" \/>\n<meta name=\"twitter:label1\" content=\"Est. reading time\" \/>\n\t<meta name=\"twitter:data1\" content=\"1 minute\" \/>\n<script type=\"application\/ld+json\" class=\"yoast-schema-graph\">{\"@context\":\"https:\\\/\\\/schema.org\",\"@graph\":[{\"@type\":\"WebPage\",\"@id\":\"https:\\\/\\\/verandajardin.com\\\/en\\\/product\\\/glass-table-36x-36\\\/\",\"url\":\"https:\\\/\\\/verandajardin.com\\\/en\\\/product\\\/glass-table-36x-36\\\/\",\"name\":\"Glass table 36in x 36in par V\u00e9randa Jardin\",\"isPartOf\":{\"@id\":\"https:\\\/\\\/verandajardin.com\\\/#website\"},\"primaryImageOfPage\":{\"@id\":\"https:\\\/\\\/verandajardin.com\\\/en\\\/product\\\/glass-table-36x-36\\\/#primaryimage\"},\"image\":{\"@id\":\"https:\\\/\\\/verandajardin.com\\\/en\\\/product\\\/glass-table-36x-36\\\/#primaryimage\"},\"thumbnailUrl\":\"https:\\\/\\\/verandajardin.com\\\/wp-content\\\/uploads\\\/1024x768_TCV3636-AA.jpg\",\"datePublished\":\"2024-04-04T18:52:03+00:00\",\"description\":\"V\u00e9randa Jardin est le fabricant de meubles ext\u00e9rieurs haut de gamme offrant certaines des plus longues garanties sur le march\u00e9.\",\"breadcrumb\":{\"@id\":\"https:\\\/\\\/verandajardin.com\\\/en\\\/product\\\/glass-table-36x-36\\\/#breadcrumb\"},\"inLanguage\":\"en-US\",\"potentialAction\":[{\"@type\":\"ReadAction\",\"target\":[\"https:\\\/\\\/verandajardin.com\\\/en\\\/product\\\/glass-table-36x-36\\\/\"]}]},{\"@type\":\"ImageObject\",\"inLanguage\":\"en-US\",\"@id\":\"https:\\\/\\\/verandajardin.com\\\/en\\\/product\\\/glass-table-36x-36\\\/#primaryimage\",\"url\":\"https:\\\/\\\/verandajardin.com\\\/wp-content\\\/uploads\\\/1024x768_TCV3636-AA.jpg\",\"contentUrl\":\"https:\\\/\\\/verandajardin.com\\\/wp-content\\\/uploads\\\/1024x768_TCV3636-AA.jpg\",\"width\":1024,\"height\":732},{\"@type\":\"BreadcrumbList\",\"@id\":\"https:\\\/\\\/verandajardin.com\\\/en\\\/product\\\/glass-table-36x-36\\\/#breadcrumb\",\"itemListElement\":[{\"@type\":\"ListItem\",\"position\":1,\"name\":\"Accueil\",\"item\":\"https:\\\/\\\/verandajardin.com\\\/\"},{\"@type\":\"ListItem\",\"position\":2,\"name\":\"Parts store\",\"item\":\"https:\\\/\\\/verandajardin.com\\\/en\\\/parts-store\\\/\"},{\"@type\":\"ListItem\",\"position\":3,\"name\":\"Glass table 36in x 36in\"}]},{\"@type\":\"WebSite\",\"@id\":\"https:\\\/\\\/verandajardin.com\\\/#website\",\"url\":\"https:\\\/\\\/verandajardin.com\\\/\",\"name\":\"V\u00e9randa Jardin\",\"description\":\"La meilleure garantie de l&#039;industrie des balan\u00e7oires et meubles de jardin\",\"publisher\":{\"@id\":\"https:\\\/\\\/verandajardin.com\\\/#organization\"},\"potentialAction\":[{\"@type\":\"SearchAction\",\"target\":{\"@type\":\"EntryPoint\",\"urlTemplate\":\"https:\\\/\\\/verandajardin.com\\\/?s={search_term_string}\"},\"query-input\":{\"@type\":\"PropertyValueSpecification\",\"valueRequired\":true,\"valueName\":\"search_term_string\"}}],\"inLanguage\":\"en-US\"},{\"@type\":\"Organization\",\"@id\":\"https:\\\/\\\/verandajardin.com\\\/#organization\",\"name\":\"V\u00e9randa Jardin\",\"url\":\"https:\\\/\\\/verandajardin.com\\\/\",\"logo\":{\"@type\":\"ImageObject\",\"inLanguage\":\"en-US\",\"@id\":\"https:\\\/\\\/verandajardin.com\\\/#\\\/schema\\\/logo\\\/image\\\/\",\"url\":\"https:\\\/\\\/verandajardin.com\\\/wp-content\\\/uploads\\\/logo_veranda_noir.png\",\"contentUrl\":\"https:\\\/\\\/verandajardin.com\\\/wp-content\\\/uploads\\\/logo_veranda_noir.png\",\"width\":195,\"height\":81,\"caption\":\"V\u00e9randa Jardin\"},\"image\":{\"@id\":\"https:\\\/\\\/verandajardin.com\\\/#\\\/schema\\\/logo\\\/image\\\/\"},\"sameAs\":[\"https:\\\/\\\/www.facebook.com\\\/verandajardin\\\/\"]}]}<\/script>\n<!-- \/ Yoast SEO plugin. -->","yoast_head_json":{"title":"Glass table 36in x 36in par V\u00e9randa Jardin","description":"V\u00e9randa Jardin est le fabricant de meubles ext\u00e9rieurs haut de gamme offrant certaines des plus longues garanties sur le march\u00e9.","robots":{"index":"index","follow":"follow","max-snippet":"max-snippet:-1","max-image-preview":"max-image-preview:large","max-video-preview":"max-video-preview:-1"},"canonical":"https:\/\/verandajardin.com\/en\/product\/glass-table-36x-36\/","og_locale":"en_US","og_type":"article","og_title":"Glass table 36in x 36in par V\u00e9randa Jardin","og_description":"V\u00e9randa Jardin est le fabricant de meubles ext\u00e9rieurs haut de gamme offrant certaines des plus longues garanties sur le march\u00e9.","og_url":"https:\/\/verandajardin.com\/en\/product\/glass-table-36x-36\/","og_site_name":"V\u00e9randa Jardin","article_publisher":"https:\/\/www.facebook.com\/verandajardin\/","og_image":[{"width":1024,"height":732,"url":"https:\/\/verandajardin.com\/wp-content\/uploads\/1024x768_TCV3636-AA.jpg","type":"image\/jpeg"}],"twitter_card":"summary_large_image","twitter_misc":{"Est. reading time":"1 minute"},"schema":{"@context":"https:\/\/schema.org","@graph":[{"@type":"WebPage","@id":"https:\/\/verandajardin.com\/en\/product\/glass-table-36x-36\/","url":"https:\/\/verandajardin.com\/en\/product\/glass-table-36x-36\/","name":"Glass table 36in x 36in par V\u00e9randa Jardin","isPartOf":{"@id":"https:\/\/verandajardin.com\/#website"},"primaryImageOfPage":{"@id":"https:\/\/verandajardin.com\/en\/product\/glass-table-36x-36\/#primaryimage"},"image":{"@id":"https:\/\/verandajardin.com\/en\/product\/glass-table-36x-36\/#primaryimage"},"thumbnailUrl":"https:\/\/verandajardin.com\/wp-content\/uploads\/1024x768_TCV3636-AA.jpg","datePublished":"2024-04-04T18:52:03+00:00","description":"V\u00e9randa Jardin est le fabricant de meubles ext\u00e9rieurs haut de gamme offrant certaines des plus longues garanties sur le march\u00e9.","breadcrumb":{"@id":"https:\/\/verandajardin.com\/en\/product\/glass-table-36x-36\/#breadcrumb"},"inLanguage":"en-US","potentialAction":[{"@type":"ReadAction","target":["https:\/\/verandajardin.com\/en\/product\/glass-table-36x-36\/"]}]},{"@type":"ImageObject","inLanguage":"en-US","@id":"https:\/\/verandajardin.com\/en\/product\/glass-table-36x-36\/#primaryimage","url":"https:\/\/verandajardin.com\/wp-content\/uploads\/1024x768_TCV3636-AA.jpg","contentUrl":"https:\/\/verandajardin.com\/wp-content\/uploads\/1024x768_TCV3636-AA.jpg","width":1024,"height":732},{"@type":"BreadcrumbList","@id":"https:\/\/verandajardin.com\/en\/product\/glass-table-36x-36\/#breadcrumb","itemListElement":[{"@type":"ListItem","position":1,"name":"Accueil","item":"https:\/\/verandajardin.com\/"},{"@type":"ListItem","position":2,"name":"Parts store","item":"https:\/\/verandajardin.com\/en\/parts-store\/"},{"@type":"ListItem","position":3,"name":"Glass table 36in x 36in"}]},{"@type":"WebSite","@id":"https:\/\/verandajardin.com\/#website","url":"https:\/\/verandajardin.com\/","name":"V\u00e9randa Jardin","description":"La meilleure garantie de l&#039;industrie des balan\u00e7oires et meubles de jardin","publisher":{"@id":"https:\/\/verandajardin.com\/#organization"},"potentialAction":[{"@type":"SearchAction","target":{"@type":"EntryPoint","urlTemplate":"https:\/\/verandajardin.com\/?s={search_term_string}"},"query-input":{"@type":"PropertyValueSpecification","valueRequired":true,"valueName":"search_term_string"}}],"inLanguage":"en-US"},{"@type":"Organization","@id":"https:\/\/verandajardin.com\/#organization","name":"V\u00e9randa Jardin","url":"https:\/\/verandajardin.com\/","logo":{"@type":"ImageObject","inLanguage":"en-US","@id":"https:\/\/verandajardin.com\/#\/schema\/logo\/image\/","url":"https:\/\/verandajardin.com\/wp-content\/uploads\/logo_veranda_noir.png","contentUrl":"https:\/\/verandajardin.com\/wp-content\/uploads\/logo_veranda_noir.png","width":195,"height":81,"caption":"V\u00e9randa Jardin"},"image":{"@id":"https:\/\/verandajardin.com\/#\/schema\/logo\/image\/"},"sameAs":["https:\/\/www.facebook.com\/verandajardin\/"]}]}},"_links":{"self":[{"href":"https:\/\/verandajardin.com\/en\/wp-json\/wp\/v2\/product\/6113","targetHints":{"allow":["GET"]}}],"collection":[{"href":"https:\/\/verandajardin.com\/en\/wp-json\/wp\/v2\/product"}],"about":[{"href":"https:\/\/verandajardin.com\/en\/wp-json\/wp\/v2\/types\/product"}],"wp:featuredmedia":[{"embeddable":true,"href":"https:\/\/verandajardin.com\/en\/wp-json\/wp\/v2\/media\/4023"}],"wp:attachment":[{"href":"https:\/\/verandajardin.com\/en\/wp-json\/wp\/v2\/media?parent=6113"}],"wp:term":[{"taxonomy":"product_brand","embeddable":true,"href":"https:\/\/verandajardin.com\/en\/wp-json\/wp\/v2\/product_brand?post=6113"},{"taxonomy":"product_cat","embeddable":true,"href":"https:\/\/verandajardin.com\/en\/wp-json\/wp\/v2\/product_cat?post=6113"},{"taxonomy":"product_tag","embeddable":true,"href":"https:\/\/verandajardin.com\/en\/wp-json\/wp\/v2\/product_tag?post=6113"}],"curies":[{"name":"wp","href":"https:\/\/api.w.org\/{rel}","templated":true}]}}